{"id":1016,"date":"2025-09-07T19:38:46","date_gmt":"2025-09-07T19:38:46","guid":{"rendered":"https:\/\/chad.jbeanwefiteam.com\/?page_id=1016"},"modified":"2025-09-28T02:48:02","modified_gmt":"2025-09-28T02:48:02","slug":"gdpr-cookie-policy","status":"publish","type":"page","link":"https:\/\/chad.jbeanwefiteam.com\/es\/gdpr-cookie-policy\/","title":{"rendered":"Pol\u00edtica de cookies del RGPD"},"content":{"rendered":"<div class=\"et_pb_section_0 et_pb_section et_section_regular et_block_section\">\n<div class=\"et_pb_row_0 et_pb_row et_block_row\">\n<div class=\"et_pb_column_0 et_pb_column et_pb_column_4_4 et-last-child et_block_column et_pb_css_mix_blend_mode_passthrough\">\n<div class=\"et_pb_text_0 et_pb_text et_pb_bg_layout_light et_pb_module et_flex_module preset--group--divi-text--divi-font-body--default\"><div class=\"et_pb_text_inner\"><p><!-- wp:list --><\/p>\n<ul>\n<li><span style=\"color: #666666;\"><a href=\"#cookies_1\" style=\"color: #666666;\">\u00bfQu\u00e9 son las cookies?<\/a><\/span><\/li>\n<li><span style=\"color: #666666;\"><a href=\"#cookies_2\" style=\"color: #666666;\">\u00bfC\u00f3mo utilizamos las cookies?<\/a><\/span><\/li>\n<li><span style=\"color: #666666;\"><a href=\"#cookies_3\" style=\"color: #666666;\">\u00bfQu\u00e9 tipos de cookies utilizamos?<\/a><\/span><\/li>\n<\/ul>\n<p><span style=\"color: #666666;\"><!-- \/wp:list --><\/span><\/p>\n<p><span style=\"color: #666666;\"><!-- wp:heading {\"level\":4} --><\/span><\/p>\n<h4 id=\"cookies_1\"><span style=\"color: #666666;\">\u00bfQu\u00e9 son las cookies?<\/span><\/h4>\n<p><span style=\"color: #666666;\"><!-- \/wp:heading --><\/span><\/p>\n<p><span style=\"color: #666666;\"><!-- wp:paragraph --><\/span><\/p>\n<p><span style=\"color: #666666;\">Las cookies suelen denominarse \u00abcookies del navegador\u00bb o \u00abcookies de seguimiento\u00bb. Estas cookies son peque\u00f1os archivos de texto cifrados que se almacenan en los directorios del navegador. Al igual que otros servidores web, nosotros tambi\u00e9n instalamos estas cookies en su dispositivo para recopilar informaci\u00f3n est\u00e1ndar de registro de Internet e informaci\u00f3n sobre el comportamiento de los visitantes.<\/span><\/p>\n<p><span style=\"color: #666666;\"><!-- \/wp:paragraph --><\/span><\/p>\n<p><span style=\"color: #666666;\"><!-- wp:heading {\"level\":4} --><\/span><\/p>\n<h4 id=\"cookies_2\"><span style=\"color: #666666;\">\u00bfC\u00f3mo utilizamos las cookies?<\/span><\/h4>\n<p><span style=\"color: #666666;\"><!-- \/wp:heading --><\/span><\/p>\n<p><span style=\"color: #666666;\"><!-- wp:paragraph --><\/span><\/p>\n<p><span style=\"color: #666666;\">El objetivo principal de utilizar estas cookies es ofrecerte una mejor experiencia de usuario en nuestro sitio web. Estas cookies se utilizan de las siguientes maneras:<\/span><\/p>\n<p><span style=\"color: #666666;\"><!-- \/wp:paragraph --><\/span><\/p>\n<p><span style=\"color: #666666;\"><!-- wp:list --><\/span><\/p>\n<ul>\n<li><span style=\"color: #666666;\">Para mantenerte conectado<\/span><\/li>\n<li><span style=\"color: #666666;\">Para comprender el comportamiento de los usuarios en cuanto al uso que hacen de nuestro sitio web<\/span><\/li>\n<li><span style=\"color: #666666;\">Para realizar un seguimiento de las visitas y actividades de los usuarios<\/span><\/li>\n<li><span style=\"color: #666666;\">Para rellenar autom\u00e1ticamente los datos de inicio de sesi\u00f3n cuando vuelvas a visitar el sitio web<\/span><\/li>\n<\/ul>\n<p><span style=\"color: #666666;\"><!-- \/wp:list --><\/span><\/p>\n<p><span style=\"color: #666666;\"><!-- wp:heading {\"level\":4} --><\/span><\/p>\n<h4 id=\"cookies_3\"><span style=\"color: #666666;\">\u00bfQu\u00e9 tipo de cookies utilizamos?<\/span><\/h4>\n<p><span style=\"color: #666666;\"><!-- \/wp:heading --><\/span><\/p>\n<p><span style=\"color: #666666;\"><!-- wp:paragraph --><\/span><\/p>\n<p><span style=\"color: #666666;\">Existen muchos tipos de cookies; sin embargo, nuestro sitio web utiliza principalmente las siguientes:<\/span><\/p>\n<p><span style=\"color: #666666;\"><!-- \/wp:paragraph --><\/span><\/p>\n<p><span style=\"color: #666666;\"><!-- wp:paragraph --><\/span><\/p>\n<p><span style=\"color: #666666;\">Cookies necesarias<\/span><\/p>\n<p><span style=\"color: #666666;\"><!-- \/wp:paragraph --><\/span><\/p>\n<p><span style=\"color: #666666;\"><!-- wp:paragraph --><\/span><\/p>\n<p><span style=\"color: #666666;\">Estas cookies son esenciales para el funcionamiento b\u00e1sico del sitio web o para proporcionarle el producto, servicio o contenido que ha solicitado. Sin estas cookies, no podremos ofrecerle los productos o servicios solicitados.<\/span><\/p>\n<p><span style=\"color: #666666;\"><!-- \/wp:paragraph --><\/span><\/p>\n<p><span style=\"color: #666666;\"><!-- wp:paragraph --><\/span><\/p>\n<p><span style=\"color: #666666;\">Cookies de funcionalidad<\/span><\/p>\n<p><span style=\"color: #666666;\"><!-- \/wp:paragraph --><\/span><\/p>\n<p><span style=\"color: #666666;\"><!-- wp:paragraph --><\/span><\/p>\n<p><span style=\"color: #666666;\">Estas cookies permiten que el sitio web ofrezca una mayor funcionalidad y personalizaci\u00f3n. Estas cookies se utilizan para ofrecer mejores servicios que hemos incorporado a nuestras p\u00e1ginas.<\/span><\/p>\n<p><span style=\"color: #666666;\"><!-- \/wp:paragraph --><\/span><\/p>\n<p><span style=\"color: #666666;\"><!-- wp:paragraph --><\/span><\/p>\n<p><span style=\"color: #666666;\">Publicidad<\/span><\/p>\n<p><span style=\"color: #666666;\"><!-- \/wp:paragraph --><\/span><\/p>\n<p><span style=\"color: #666666;\"><!-- wp:paragraph --><\/span><\/p>\n<p><span style=\"color: #666666;\">El sitio web utiliza este tipo de cookies para recopilar informaci\u00f3n sobre sus visitas a nuestro sitio web. Por ejemplo:<\/span><\/p>\n<p><span style=\"color: #666666;\"><!-- \/wp:paragraph --><\/span><\/p>\n<p><span style=\"color: #666666;\"><!-- wp:list --><\/span><\/p>\n<ul>\n<li><span style=\"color: #666666;\">\u00bfQu\u00e9 p\u00e1ginas visitaste?<\/span><\/li>\n<li><span style=\"color: #666666;\">\u00bfQu\u00e9 contenido has visto?<\/span><\/li>\n<li><span style=\"color: #666666;\">\u00bfEn qu\u00e9 enlaces hiciste clic?<\/span><\/li>\n<\/ul>\n<p><span style=\"color: #666666;\"><!-- \/wp:list --><\/span><\/p>\n<p><span style=\"color: #666666;\"><!-- wp:paragraph --><\/span><\/p>\n<p><span style=\"color: #666666;\">Y otra informaci\u00f3n sobre tu navegador, direcci\u00f3n IP, dispositivo y ubicaci\u00f3n. Estas cookies se utilizan con fines publicitarios.<\/span><\/p>\n<p><span style=\"color: #666666;\"><!-- \/wp:paragraph --><\/span><\/p>\n<p><span style=\"color: #666666;\"><!-- wp:paragraph --><\/span><\/p>\n<p><span style=\"color: #666666;\">Cookies de an\u00e1lisis<\/span><\/p>\n<p><span style=\"color: #666666;\"><!-- \/wp:paragraph --><\/span><\/p>\n<p><span style=\"color: #666666;\"><!-- wp:paragraph --><\/span><\/p>\n<p><span style=\"color: #666666;\">Nuestros socios publicitarios instalan estas cookies a trav\u00e9s de nuestro sitio web. Estas cookies se utilizan para crear un perfil de tus intereses y mostrarte anuncios relevantes basados en tus visitas. No almacenan datos personales, sino informaci\u00f3n sobre tu navegador y tu dispositivo de Internet. Puedes desactivarlas rechazando estas cookies, lo que dar\u00e1 lugar a que los anuncios sean menos personalizados.<\/span><\/p>\n<p><span style=\"color: #666666;\"><!-- \/wp:paragraph --><\/span><\/p>\n<p><span style=\"color: #666666;\"><!-- wp:paragraph --><\/span><\/p>\n<p><span style=\"color: #666666;\">Cookies de terceros<\/span><\/p>\n<p><span style=\"color: #666666;\"><!-- \/wp:paragraph --><\/span><\/p>\n<p><span style=\"color: #666666;\"><!-- wp:paragraph --><\/span><\/p>\n<p><span style=\"color: #666666;\">Utilizamos estas cookies de terceros para obtener informaci\u00f3n sobre nuestro sitio web. Estas cookies son instaladas por sitios web que usted no visita, al incorporar elementos de terceros, como complementos o anuncios, en su sitio web. Las cookies de terceros tambi\u00e9n realizan un seguimiento de las actividades de los usuarios y guardan su informaci\u00f3n de navegaci\u00f3n con el fin de mostrarles anuncios personalizados.<\/span><\/p>\n<p><span style=\"color: #666666;\"><!-- \/wp:paragraph --><\/span><\/p>\n<p><span style=\"color: #666666;\"><!-- wp:shortcode --><\/span><\/p>\n<p><span style=\"color: #666666;\"><!-- \/wp:shortcode --><\/span><\/p>\n<p><span style=\"color: #666666;\"><!-- wp:separator --><\/span><\/p>\n<hr class=\"wp-block-separator\" \/>\n<p><span style=\"color: #666666;\"><!-- \/wp:separator --><\/span><span style=\"color: #666666;\"><!-- wp:paragraph --><\/span><\/p>\n<p><span style=\"color: #666666;\">\u00daltima actualizaci\u00f3n: 7 de septiembre de 2025<\/span><\/p>\n<p><!-- \/wp:paragraph --><\/p>\n<\/div><\/div>\n<\/div>\n<\/div>\n<\/div>","protected":false},"excerpt":{"rendered":"","protected":false},"author":1,"featured_media":389,"parent":0,"menu_order":0,"comment_status":"closed","ping_status":"closed","template":"","meta":{"inline_featured_image":false,"footnotes":""},"class_list":["post-1016","page","type-page","status-publish","has-post-thumbnail","hentry"],"_links":{"self":[{"href":"https:\/\/chad.jbeanwefiteam.com\/es\/wp-json\/wp\/v2\/pages\/1016","targetHints":{"allow":["GET"]}}],"collection":[{"href":"https:\/\/chad.jbeanwefiteam.com\/es\/wp-json\/wp\/v2\/pages"}],"about":[{"href":"https:\/\/chad.jbeanwefiteam.com\/es\/wp-json\/wp\/v2\/types\/page"}],"author":[{"embeddable":true,"href":"https:\/\/chad.jbeanwefiteam.com\/es\/wp-json\/wp\/v2\/users\/1"}],"replies":[{"embeddable":true,"href":"https:\/\/chad.jbeanwefiteam.com\/es\/wp-json\/wp\/v2\/comments?post=1016"}],"version-history":[{"count":3,"href":"https:\/\/chad.jbeanwefiteam.com\/es\/wp-json\/wp\/v2\/pages\/1016\/revisions"}],"predecessor-version":[{"id":1057,"href":"https:\/\/chad.jbeanwefiteam.com\/es\/wp-json\/wp\/v2\/pages\/1016\/revisions\/1057"}],"wp:featuredmedia":[{"embeddable":true,"href":"https:\/\/chad.jbeanwefiteam.com\/es\/wp-json\/wp\/v2\/media\/389"}],"wp:attachment":[{"href":"https:\/\/chad.jbeanwefiteam.com\/es\/wp-json\/wp\/v2\/media?parent=1016"}],"curies":[{"name":"wp","href":"https:\/\/api.w.org\/{rel}","templated":true}]}}